{"id":937,"date":"2013-02-21T17:02:13","date_gmt":"2013-02-21T17:02:13","guid":{"rendered":"http:\/\/rockunderground.tv\/?page_id=937"},"modified":"2013-04-28T18:33:06","modified_gmt":"2013-04-28T18:33:06","slug":"mass-murder-agenda","status":"publish","type":"page","link":"http:\/\/rockunderground.tv\/?page_id=937","title":{"rendered":"MASS MURDER AGENDA"},"content":{"rendered":"<p>&nbsp;<\/p>\n<h2><script type=\"text\/javascript\"> jQuery(\"html\").addClass(\"pinwheel_slider_fouc\");\r\n\t\tjQuery(document).ready(function() {\r\n\t\t   jQuery(\".pinwheel_slider_fouc .pinwheel_slider\").css({\"display\" : \"block\"});\r\n\t\t});\r\n\t\tjQuery(document).ready(function() {\r\n\t\t\tjQuery(\"#pinwheel_slider_21\").pinwheel({\r\n\t\t\t\tanimationEasing:\"swing\",\r\n\t\t\t\tcarouselSpeed:1000,\r\n\t\t\t\tautoPlay: 4000,rightButtonTag:   \"#pinwheel_slider_21_next\", leftButtonTag:   \"#pinwheel_slider_21_prev\",trackerIndividual:    false,trackerSummation:    false,\r\n\t            preload: false,\r\n\t\t\t\tlargeFeatureWidth:400,\r\n\t\t\t\tlargeFeatureHeight:300,\r\n\t\t\t\tsmallFeatureWidth:250,\r\n\t\t\t\tsmallFeatureHeight:250,\r\n\t\t\t\tsmallFeatureOffset:50,\r\n\t\t\t\ttopPadding:0,\r\n                sidePadding:0\r\n\t\t\t});\r\n\t\t});\r\n\t<\/script> \r\n\t<noscript><p><strong>This page is having a slideshow that uses Javascript. Your browser either doesn't support Javascript or you have it turned off. To see this page as it is meant to appear please use a Javascript enabled browser.<\/strong><\/p><\/noscript>\r\n<div class=\"pinwheel_slider\" style=\"width:1020px;\">\r\n    <div id=\"pinwheel_slider_21_prev\" class=\"pinwheel_prev\" style=\"top:45%;left:10%;\" ><img loading=\"lazy\" decoding=\"async\" src=\"http:\/\/rockunderground.tv\/wp-content\/plugins\/pinwheel-slider\/css\/skins\/default\/buttons\/default\/prev.png\" width=\"32\" height=\"32\" \/><\/div>\r\n    <div id=\"pinwheel_slider_21_next\" class=\"pinwheel_next\" style=\"top:45%;right:10%;\" ><img loading=\"lazy\" decoding=\"async\" src=\"http:\/\/rockunderground.tv\/wp-content\/plugins\/pinwheel-slider\/css\/skins\/default\/buttons\/default\/next.png\" width=\"32\" height=\"32\" \/><\/div>\r\n\t<div id=\"pinwheel_slider_21\" class=\"pinwheel_slider_handle\" style=\"width:1020px;height:300px;\">\r\n\t\t\t<div class=\"pinwheel_slideri carousel-feature\" style=\"background-color:#eeeced;border:0px solid #cccccc;padding:0px;\">\r\n\t\t\t<!-- pinwheel_slideri --><a href=\"http:\/\/rockunderground.tv\/?page_id=937\" title=\"MASS MURDER AGENDA\"><img loading=\"lazy\" decoding=\"async\" src=\"http:\/\/rockunderground.tv\/wp-content\/plugins\/pinwheel-slider\/includes\/timthumb.php?src=http:\/\/rockunderground.tv\/wp-content\/uploads\/2013\/02\/MASS-MURDER-AGENDA-COVER-ART.jpg&amp;h=300&amp;w=400\" alt=\"MASS MURDER AGENDA\" class=\"slider_thumbnail full pinwheel_slider_thumbnail carousel-image\" width=\"400\" height=\"300\" \/><\/a><div class=\"pinwheel_text carousel-caption\" style=\"background-color:#000000; filter: alpha(opacity=70);opacity:0.7 !important;bottom:0px;right:0px;left:0px;\"><h2 style=\"clear:none;line-height:18px;font-family:Georgia, Arial, Helvetica, sans-serif;font-size:13px;font-weight:normal;font-style:normal;color:#ffffff;margin:0 0 5px 0;\"><a href=\"http:\/\/rockunderground.tv\/?page_id=937\" style=\"color:#ffffff;\">MASS MURDER AGENDA<\/a><\/h2>\r\n\t\t\t    \t<!-- \/pinwheel_slideri -->\r\n\t\t\t<\/div><\/div><div class=\"pinwheel_slideri carousel-feature\" style=\"background-color:#eeeced;border:0px solid #cccccc;padding:0px;\">\r\n\t\t\t<!-- pinwheel_slideri --><img loading=\"lazy\" decoding=\"async\" src=\"http:\/\/rockunderground.tv\/wp-content\/plugins\/pinwheel-slider\/includes\/timthumb.php?src=http:\/\/rockunderground.tv\/wp-content\/uploads\/2013\/02\/MASS-Murder-Agenda-2.jpg&amp;h=300&amp;w=400\" alt=\"MASS MURDER AGENDA\" class=\"slider_thumbnail full pinwheel_slider_thumbnail carousel-image\" width=\"400\" height=\"300\" \/><div class=\"pinwheel_text carousel-caption\" style=\"background-color:#000000; filter: alpha(opacity=70);opacity:0.7 !important;bottom:0px;right:0px;left:0px;\"><h2 style=\"clear:none;line-height:18px;font-family:Georgia, Arial, Helvetica, sans-serif;font-size:13px;font-weight:normal;font-style:normal;color:#ffffff;margin:0 0 5px 0;\">MASS MURDER AGENDA<\/h2>\r\n\t\t            \r\n\t\t\t\t<!-- \/pinwheel_slideri -->\r\n\t\t\t<\/div><\/div><div class=\"pinwheel_slideri carousel-feature\" style=\"background-color:#eeeced;border:0px solid #cccccc;padding:0px;\">\r\n\t\t\t<!-- pinwheel_slideri --><img loading=\"lazy\" decoding=\"async\" src=\"http:\/\/rockunderground.tv\/wp-content\/plugins\/pinwheel-slider\/includes\/timthumb.php?src=http:\/\/rockunderground.tv\/wp-content\/uploads\/2013\/02\/MASS-MURDER-AGENDA-1.jpg&amp;h=300&amp;w=400\" alt=\"MASS MURDER AGENDA\" class=\"slider_thumbnail full pinwheel_slider_thumbnail carousel-image\" width=\"400\" height=\"300\" \/><div class=\"pinwheel_text carousel-caption\" style=\"background-color:#000000; filter: alpha(opacity=70);opacity:0.7 !important;bottom:0px;right:0px;left:0px;\"><h2 style=\"clear:none;line-height:18px;font-family:Georgia, Arial, Helvetica, sans-serif;font-size:13px;font-weight:normal;font-style:normal;color:#ffffff;margin:0 0 5px 0;\">MASS MURDER AGENDA<\/h2>\r\n\t\t            \r\n\t\t\t\t<!-- \/pinwheel_slideri -->\r\n\t\t\t<\/div><\/div><div class=\"pinwheel_slideri carousel-feature\" style=\"background-color:#eeeced;border:0px solid #cccccc;padding:0px;\">\r\n\t\t\t<!-- pinwheel_slideri --><img loading=\"lazy\" decoding=\"async\" src=\"http:\/\/rockunderground.tv\/wp-content\/plugins\/pinwheel-slider\/includes\/timthumb.php?src=http:\/\/rockunderground.tv\/wp-content\/uploads\/2013\/02\/MMA_sign_blood_shirt.jpg&amp;h=300&amp;w=400\" alt=\"MASS MURDER AGENDA\" class=\"slider_thumbnail full pinwheel_slider_thumbnail carousel-image\" width=\"400\" height=\"300\" \/><div class=\"pinwheel_text carousel-caption\" style=\"background-color:#000000; filter: alpha(opacity=70);opacity:0.7 !important;bottom:0px;right:0px;left:0px;\"><h2 style=\"clear:none;line-height:18px;font-family:Georgia, Arial, Helvetica, sans-serif;font-size:13px;font-weight:normal;font-style:normal;color:#ffffff;margin:0 0 5px 0;\">MASS MURDER AGENDA<\/h2>\r\n\t\t            \r\n\t\t\t\t<!-- \/pinwheel_slideri -->\r\n\t\t\t<\/div><\/div>\r\n\t<\/div>\r\n<\/div><\/h2>\n<h2>\u00a0<\/h2>\n<h2>\u00a0<\/h2>\n<h2><span style=\"color: #ff0000;\"><a href=\"http:\/\/rockunderground.tv\/wp-content\/uploads\/2013\/02\/MASS-Murder-Agenda-2.jpg\"><img loading=\"lazy\" decoding=\"async\" class=\"alignleft size-full wp-image-943\" alt=\"MASS MURDER AGENDA\" src=\"http:\/\/rockunderground.tv\/wp-content\/uploads\/2013\/02\/MASS-Murder-Agenda-2.jpg\" width=\"347\" height=\"393\" srcset=\"http:\/\/rockunderground.tv\/wp-content\/uploads\/2013\/02\/MASS-Murder-Agenda-2.jpg 347w, http:\/\/rockunderground.tv\/wp-content\/uploads\/2013\/02\/MASS-Murder-Agenda-2-264x300.jpg 264w\" sizes=\"auto, (max-width: 347px) 100vw, 347px\" \/><\/a>Mass Murder Agenda bildades av Joakim Hedestedt (Face Down, ex. Construcdead) sommaren 2009. Tillsammans med Martin Sundberg (ex. Sexydeath) och Tristan Agdler (ex.NIL) formades en industrimetall d\u00e4r b\u00e5de Ministry och Slayer finns representerade! Genom Henrik Blomqvists (ex. Face Down) programmeringar och visuella effekter b\u00f6rjade Mass Murder Agenda f\u00e5 en best\u00e4md form.<\/span><\/h2>\n<h2><span style=\"color: #ff0000;\">\u00a0<\/span><\/h2>\n<h2><span style=\"color: #ff0000;\"><a name=\"_GoBack\"><\/a>MASS MURDER AGENDA har sedan f\u00f6rsta b\u00f6rjan gjort sig k\u00e4nda f\u00f6r en visuell och brutal liveshow, n\u00e5got ut\u00f6ver det vanliga! Med influenser av Ministry, Slayer, Killing Joke mm. har MASS MURDER AGENDA skapat ett sound och en atmosf\u00e4r s\u00e4llan upplevd p\u00e5 klubbniv\u00e5.<\/span><\/h2>\n<h2><span style=\"color: #ff0000;\">\u00a0<\/span><\/h2>\n<h2><span class=\"youtube\"><iframe loading=\"lazy\" title=\"YouTube video player\" class=\"youtube-player\" type=\"text\/html\" width=\"480\" height=\"385\" src=\"\/\/www.youtube.com\/embed\/bI1NmtEcBbA?wmode=transparent&amp;fs=1&amp;hl=en&amp;modestbranding=1&amp;iv_load_policy=3&amp;showsearch=0&amp;rel=1&amp;theme=dark\" frameborder=\"0\" allowfullscreen><\/iframe><\/span><\/h2>\n<h2><span style=\"color: #ff0000;\"><b>MASS MURDER AGENDA<\/b> <b>is<\/b>:<\/span><\/h2>\n<h2><span style=\"color: #ff0000;\">Tristan Agdler &#8211; Vocals<\/span><\/h2>\n<h2><span style=\"color: #ff0000;\">Joakim Hedestedt &#8211; Bass<\/span><\/h2>\n<h2><span style=\"color: #ff0000;\">Martin Sundberg &#8211; Guitar<\/span><\/h2>\n<h2><span style=\"color: #ff0000;\">Henrik Blomqvist &#8211; Audio warfare\/visuals<\/span><\/h2>\n<h2><span style=\"color: #ff0000;\">Peter Viklund &#8211; Drums<\/span><\/h2>\n<h2><span style=\"color: #ff0000;\">\u00a0<\/span><\/h2>\n","protected":false},"excerpt":{"rendered":"<p>&nbsp; \u00a0 \u00a0 Mass Murder Agenda bildades av Joakim Hedestedt (Face Down, ex. Construcdead) sommaren 2009. Tillsammans med Martin Sundberg (ex. Sexydeath) och Tristan Agdler (ex.NIL) formades en industrimetall d\u00e4r b\u00e5de Ministry och Slayer finns representerade! Genom Henrik Blomqvists (ex. Face Down) programmeringar och visuella effekter b\u00f6rjade Mass Murder Agenda f\u00e5 en best\u00e4md form. \u00a0 &hellip; <\/p>\n<p class=\"link-more\"><a href=\"http:\/\/rockunderground.tv\/?page_id=937\" class=\"more-link\">Continue reading<span class=\"screen-reader-text\"> &#8220;MASS MURDER AGENDA&#8221;<\/span><\/a><\/p>\n","protected":false},"author":1,"featured_media":0,"parent":2342,"menu_order":0,"comment_status":"closed","ping_status":"closed","template":"full-width-page.php","meta":{"footnotes":""},"class_list":["post-937","page","type-page","status-publish","hentry"],"_links":{"self":[{"href":"http:\/\/rockunderground.tv\/index.php?rest_route=\/wp\/v2\/pages\/937","targetHints":{"allow":["GET"]}}],"collection":[{"href":"http:\/\/rockunderground.tv\/index.php?rest_route=\/wp\/v2\/pages"}],"about":[{"href":"http:\/\/rockunderground.tv\/index.php?rest_route=\/wp\/v2\/types\/page"}],"author":[{"embeddable":true,"href":"http:\/\/rockunderground.tv\/index.php?rest_route=\/wp\/v2\/users\/1"}],"replies":[{"embeddable":true,"href":"http:\/\/rockunderground.tv\/index.php?rest_route=%2Fwp%2Fv2%2Fcomments&post=937"}],"version-history":[{"count":5,"href":"http:\/\/rockunderground.tv\/index.php?rest_route=\/wp\/v2\/pages\/937\/revisions"}],"predecessor-version":[{"id":2346,"href":"http:\/\/rockunderground.tv\/index.php?rest_route=\/wp\/v2\/pages\/937\/revisions\/2346"}],"up":[{"embeddable":true,"href":"http:\/\/rockunderground.tv\/index.php?rest_route=\/wp\/v2\/pages\/2342"}],"wp:attachment":[{"href":"http:\/\/rockunderground.tv\/index.php?rest_route=%2Fwp%2Fv2%2Fmedia&parent=937"}],"curies":[{"name":"wp","href":"https:\/\/api.w.org\/{rel}","templated":true}]}}