{"id":4637,"date":"2015-05-18T15:44:46","date_gmt":"2015-05-18T15:44:46","guid":{"rendered":"http:\/\/rockunderground.tv\/?page_id=4637"},"modified":"2016-01-28T21:05:07","modified_gmt":"2016-01-28T21:05:07","slug":"offensive-ground","status":"publish","type":"page","link":"http:\/\/rockunderground.tv\/?page_id=4637","title":{"rendered":"Offensive Ground"},"content":{"rendered":"<p><code><code><script type=\"text\/javascript\"> jQuery(\"html\").addClass(\"pinwheel_slider_fouc\");\r\n\t\tjQuery(document).ready(function() {\r\n\t\t   jQuery(\".pinwheel_slider_fouc .pinwheel_slider\").css({\"display\" : \"block\"});\r\n\t\t});\r\n\t\tjQuery(document).ready(function() {\r\n\t\t\tjQuery(\"#pinwheel_slider_118\").pinwheel({\r\n\t\t\t\tanimationEasing:\"swing\",\r\n\t\t\t\tcarouselSpeed:1000,\r\n\t\t\t\tautoPlay: 4000,rightButtonTag:   \"#pinwheel_slider_118_next\", leftButtonTag:   \"#pinwheel_slider_118_prev\",trackerIndividual:    false,trackerSummation:    false,\r\n\t            preload: false,\r\n\t\t\t\tlargeFeatureWidth:400,\r\n\t\t\t\tlargeFeatureHeight:300,\r\n\t\t\t\tsmallFeatureWidth:250,\r\n\t\t\t\tsmallFeatureHeight:250,\r\n\t\t\t\tsmallFeatureOffset:50,\r\n\t\t\t\ttopPadding:0,\r\n                sidePadding:0\r\n\t\t\t});\r\n\t\t});\r\n\t<\/script> \r\n\t<noscript><p><strong>This page is having a slideshow that uses Javascript. Your browser either doesn't support Javascript or you have it turned off. To see this page as it is meant to appear please use a Javascript enabled browser.<\/strong><\/p><\/noscript>\r\n<div class=\"pinwheel_slider\" style=\"width:1020px;\">\r\n    <div id=\"pinwheel_slider_118_prev\" class=\"pinwheel_prev\" style=\"top:45%;left:10%;\" ><img loading=\"lazy\" decoding=\"async\" src=\"http:\/\/rockunderground.tv\/wp-content\/plugins\/pinwheel-slider\/css\/skins\/default\/buttons\/default\/prev.png\" width=\"32\" height=\"32\" \/><\/div>\r\n    <div id=\"pinwheel_slider_118_next\" class=\"pinwheel_next\" style=\"top:45%;right:10%;\" ><img loading=\"lazy\" decoding=\"async\" src=\"http:\/\/rockunderground.tv\/wp-content\/plugins\/pinwheel-slider\/css\/skins\/default\/buttons\/default\/next.png\" width=\"32\" height=\"32\" \/><\/div>\r\n\t<div id=\"pinwheel_slider_118\" class=\"pinwheel_slider_handle\" style=\"width:1020px;height:300px;\">\r\n\t\t\t<div class=\"pinwheel_slideri carousel-feature\" style=\"background-color:#eeeced;border:0px solid #cccccc;padding:0px;\">\r\n\t\t\t<!-- pinwheel_slideri --><img loading=\"lazy\" decoding=\"async\" src=\"http:\/\/rockunderground.tv\/wp-content\/plugins\/pinwheel-slider\/includes\/timthumb.php?src=http:\/\/rockunderground.tv\/wp-content\/uploads\/2015\/05\/Offensive-Ground_Reborn_baksida-One.jpg&amp;h=300&amp;w=400\" alt=\"Offensive Ground\" class=\"slider_thumbnail full pinwheel_slider_thumbnail carousel-image\" width=\"400\" height=\"300\" \/><div class=\"pinwheel_text carousel-caption\" style=\"background-color:#000000; filter: alpha(opacity=70);opacity:0.7 !important;bottom:0px;right:0px;left:0px;\"><h2 style=\"clear:none;line-height:18px;font-family:Georgia, Arial, Helvetica, sans-serif;font-size:13px;font-weight:normal;font-style:normal;color:#ffffff;margin:0 0 5px 0;\">Offensive Ground <\/h2>\r\n\t\t            \r\n\t\t\t\t<!-- \/pinwheel_slideri -->\r\n\t\t\t<\/div><\/div><div class=\"pinwheel_slideri carousel-feature\" style=\"background-color:#eeeced;border:0px solid #cccccc;padding:0px;\">\r\n\t\t\t<!-- pinwheel_slideri --><a href=\"http:\/\/rockunderground.tv\/?page_id=4637\" title=\"Offensive Ground\"><img loading=\"lazy\" decoding=\"async\" src=\"http:\/\/rockunderground.tv\/wp-content\/plugins\/pinwheel-slider\/includes\/timthumb.php?src=http:\/\/rockunderground.tv\/wp-content\/uploads\/2015\/05\/Offensive-Ground-One.jpg&amp;h=300&amp;w=400\" alt=\"Offensive Ground\" class=\"slider_thumbnail full pinwheel_slider_thumbnail carousel-image\" width=\"400\" height=\"300\" \/><\/a><div class=\"pinwheel_text carousel-caption\" style=\"background-color:#000000; filter: alpha(opacity=70);opacity:0.7 !important;bottom:0px;right:0px;left:0px;\"><h2 style=\"clear:none;line-height:18px;font-family:Georgia, Arial, Helvetica, sans-serif;font-size:13px;font-weight:normal;font-style:normal;color:#ffffff;margin:0 0 5px 0;\"><a href=\"http:\/\/rockunderground.tv\/?page_id=4637\" style=\"color:#ffffff;\">Offensive Ground  <\/a><\/h2>\r\n\t\t\t    \t<!-- \/pinwheel_slideri -->\r\n\t\t\t<\/div><\/div><div class=\"pinwheel_slideri carousel-feature\" style=\"background-color:#eeeced;border:0px solid #cccccc;padding:0px;\">\r\n\t\t\t<!-- pinwheel_slideri --><img loading=\"lazy\" decoding=\"async\" src=\"http:\/\/rockunderground.tv\/wp-content\/plugins\/pinwheel-slider\/includes\/timthumb.php?src=http:\/\/rockunderground.tv\/wp-content\/uploads\/2015\/05\/Offensive-Ground_Reborn_front-One.jpg&amp;h=300&amp;w=400\" alt=\"Offensive Ground\" class=\"slider_thumbnail full pinwheel_slider_thumbnail carousel-image\" width=\"400\" height=\"300\" \/><div class=\"pinwheel_text carousel-caption\" style=\"background-color:#000000; filter: alpha(opacity=70);opacity:0.7 !important;bottom:0px;right:0px;left:0px;\"><h2 style=\"clear:none;line-height:18px;font-family:Georgia, Arial, Helvetica, sans-serif;font-size:13px;font-weight:normal;font-style:normal;color:#ffffff;margin:0 0 5px 0;\">Offensive Ground <\/h2>\r\n\t\t            \r\n\t\t\t\t<!-- \/pinwheel_slideri -->\r\n\t\t\t<\/div><\/div>\r\n\t<\/div>\r\n<\/div><\/code><\/code><\/p>\n<p><code>\n <div id=\"wrapperMI_0\" class=\"wrap-mjp nostop flip dark\" style=\"position:relative; padding:5px 0px 40px 0px; margin:0px auto 0px auto; width:150%;\">\n\t<div style=\"display:none;\" class=\"Eabove-mjp\" id=\"Eabove-mjp_0\"><\/div>\n\t <div class=\"subwrap-MI\">\n\t\t <div class=\"jp-innerwrap\">\n\t\t\t <div class=\"innerx\"><\/div>\n\t\t\t <div class=\"innerleft\"><\/div>\n\t\t\t <div class=\"innerright\"><\/div>\n\t\t\t <div class=\"innertab\"><\/div>\n\t\t\t <div class=\"interface-mjp\" style=\"height:150px;\" id=\"interfaceMI_0\">\n\t\t\t\t <div class=\"MI-image left-mjp\" id=\"MI_image_0\" style=\" width:150px; height:150px; overflow:hidden;\"><\/div>\n\t\t\t\t <div id=\"T_mp3j_0\" class=\"player-track-title right-mjp bold-mjp plain-mjp childNorm-mjp childItalic-mjp\" style=\"left:36px; right:36px;  top:30px;\"><\/div>\n\t\t\t\t <div class=\"bars_holder\">\n\t\t\t\t\t <div class=\"loadMI_mp3j\" id=\"load_mp3j_0\"><\/div>\n\t\t\t\t\t <div class=\"poscolMI_mp3j soften-mjp\" id=\"poscol_mp3j_0\"><\/div>\n\t\t\t\t\t <div class=\"posbarMI_mp3j\" id=\"posbar_mp3j_0\"><\/div>\n\t\t\t\t <\/div>\n\t\t\t\t <div id=\"P-Time-MI_0\" class=\"jp-play-time\"><\/div>\n\t\t\t\t <div id=\"T-Time-MI_0\" class=\"jp-total-time\"><\/div>\n\t\t\t\t <div id=\"statusMI_0\" class=\"statusMI\"><\/div>\n\t\t\t\t <div class=\"transport-MI\"><div class=\"play-mjp\" id=\"playpause_mp3j_0\">Play<\/div><div class=\"stop-mjp\" id=\"stop_mp3j_0\">Stop<\/div><div class=\"next-mjp\" id=\"Next_mp3j_0\">Next&raquo;<\/div><div class=\"prev-mjp\" id=\"Prev_mp3j_0\">&laquo;Prev<\/div><\/div>\n\t\t\t\t <div class=\"buttons-wrap-mjp\" id=\"buttons-wrap-mjp_0\">\n\t\t\t\t\t <div class=\"playlist-toggle-MI\" id=\"playlist-toggle_0\">HIDE PLAYLIST<\/div>\n\t\t\t\t\t <div class=\"mp3j-popout-MI\" id=\"lpp_mp3j_0\" style=\"\"><\/div>\n\t\t\t\t\t \n\t\t\t\t <\/div>\n\t\t\t <\/div>\n\t\t\t <div class=\"mjp-volwrap\">\n\t\t\t\t <div class=\"MIsliderVolume\" id=\"vol_mp3j_0\"><\/div>\n\t\t\t\t <div class=\"innerExt1\" id=\"innerExt1_0\"><\/div>\n\t\t\t\t <div class=\"innerExt2\" id=\"innerExt2_0\"><\/div>\n\t\t\t <\/div>\n\t\t <\/div>\n\t\t <div style=\"display:none;\" class=\"Ebetween-mjp\" id=\"Ebetween-mjp_0\"><\/div>\n\t\t <div class=\"listwrap_mp3j\" id=\"L_mp3j_0\" style=\"overflow:auto; max-height:450px;\"><div class=\"wrapper-mjp\"><div class=\"playlist-colour\"><\/div><div class=\"wrapper-mjp\"><ul class=\"ul-mjp childNorm-mjp childPlain-mjp left-mjp\" id=\"UL_mp3j_0\"><li><\/li><\/ul><\/div><\/div><\/div>\n\t <\/div>\n\t <div id=\"mp3j_finfo_0\" class=\"mp3j-finfo\" style=\"display:none;\"><div class=\"mp3j-finfo-sleeve\"><div id=\"mp3j_finfo_gif_0\" class=\"mp3j-finfo-gif\"><\/div><div id=\"mp3j_finfo_txt_0\" class=\"mp3j-finfo-txt\"><\/div><div class=\"mp3j-finfo-close\" id=\"mp3j_finfo_close_0\">X<\/div><\/div><\/div><div id=\"mp3j_dlf_0\" class=\"mp3j-dlframe\" style=\"display:none;\"><\/div>\n\t <div class=\"mp3j-nosolution\" id=\"mp3j_nosolution_0\" style=\"display:none;\"><\/div>\n\t <div style=\"display:none;\" class=\"Ebelow-mjp\" id=\"Ebelow-mjp_0\"><\/div>\n <\/div> \n<script>\nMP3jPLAYLISTS.MI_0 = [\n\t{ name: \"1. Offensive Ground - Alone\", formats: [\"mp3\"], mp3: \"aHR0cDovL3JvY2t1bmRlcmdyb3VuZC50di93cC1jb250ZW50L3VwbG9hZHMvMjAxNS8wNS9PZmZlbnNpdmUtR3JvdW5kLUFsb25lLm1wMw==\", counterpart:\"\", artist: \"\", image: \"false\", imgurl: \"\" },\n\t{ name: \"2. Offensive Ground - Why\", formats: [\"mp3\"], mp3: \"aHR0cDovL3JvY2t1bmRlcmdyb3VuZC50di93cC1jb250ZW50L3VwbG9hZHMvMjAxNS8wNS9PZmZlbnNpdmUtR3JvdW5kLVdoeS5tcDM=\", counterpart:\"\", artist: \"\", image: \"false\", imgurl: \"\" },\n\t{ name: \"3. Offensive Ground - Predator\", formats: [\"mp3\"], mp3: \"aHR0cDovL3JvY2t1bmRlcmdyb3VuZC50di93cC1jb250ZW50L3VwbG9hZHMvMjAxNS8wNS9PZmZlbnNpdmUtR3JvdW5kLVByZWRhdG9yLm1wMw==\", counterpart:\"\", artist: \"\", image: \"false\", imgurl: \"\" }\n];\n<\/script>\n\n<script>MP3jPLAYERS[0] = { list:MP3jPLAYLISTS.MI_0, tr:0, type:'MI', lstate:true, loop:true, play_txt:'Play', pause_txt:'Pause', pp_title:'RockUnderground.TV', autoplay:false, download:false, vol:100, height:120, cssclass:'nostop flip dark', popout_css:{ enabled:true, \t\t\tcolours: [\"#fff\", \"rgb(81, 156, 211)\", \"rgb(168, 188, 195)\", \"rgba(38, 160, 182, 0.64)\", \"transparent\", \"#46b323\", \"#2684d7\", \"#ee0a0a\", \"inherit\", \"#a31323\", \"#d71515\", \"\/\", 400, 600 ],\n\t\t\tcssInterface: { \"color\": \"#ee0a0a\" },\n\t\t\tcssTitle: { \"left\": \"36px\", \"right\":\"36px\", \"top\":\"30px\" },\n\t\t\tcssImage: { \"overflow\": \"hidden\", \"width\":\"150px\", \"height\":\"150px\"  },\n\t\t\tcssFontSize: { \"title\": \"22px\", \"caption\": \"15.4px\", \"list\": \"18px\" },\n\t\t\tclasses: { interface:'', title:' right-mjp bold-mjp plain-mjp childNorm-mjp childItalic-mjp', image:' left-mjp', poscol:' soften-mjp', ul:' childNorm-mjp childPlain-mjp left-mjp' }} };<\/script>\n\n<\/code><br \/>\n<a href=\"http:\/\/rockunderground.tv\/wp-content\/uploads\/2015\/05\/Offensive-Ground-One.jpg\"><img loading=\"lazy\" decoding=\"async\" class=\"alignleft size-full wp-image-4641\" alt=\"Offensive Ground One\" src=\"http:\/\/rockunderground.tv\/wp-content\/uploads\/2015\/05\/Offensive-Ground-One.jpg\" width=\"410\" height=\"332\" srcset=\"http:\/\/rockunderground.tv\/wp-content\/uploads\/2015\/05\/Offensive-Ground-One.jpg 410w, http:\/\/rockunderground.tv\/wp-content\/uploads\/2015\/05\/Offensive-Ground-One-300x242.jpg 300w\" sizes=\"auto, (max-width: 410px) 100vw, 410px\" \/><\/a><\/p>\n<h2><span style=\"color: #800000; font-size: large;\">Offensive Ground was formed in September 2011.<\/span><\/h2>\n<h2><span style=\"color: #800000; font-size: large;\">In February 2014 the band hit hard. After nearly three years of playing together, three of the original members decided to leave the band because they felt that their ambition was no longer in line with Alvaro and Tian. It was a hard strike. A few weeks earlier, the band had been chosen among 200 bands, as one of 16 bands to compete in Sweden semifinals in Wacken Sweden Metal Battle, with the chance to get to one of the world&#8217;s biggest rock scenes: The Wacken Open Air 2014. Alvaro and Tian had no intention to cancel and they did everything in their power to get to the race. In less than a week, they found a new drummer, Stanislav Pokhilo, and a new bassist Niklas Storvall. In less than four rehearsals, they managed to do two songs and succeed to come to the competition. After this great achievement, neither Alvaro or Tian had to worry about Stanislav or Niklas could handle the task. <\/span><\/h2>\n<h2><span style=\"color: #800000; font-size: large;\">But the lack of a rhythmic guitarist became increasingly evident as new material was created. The band had difficulty filling the empty spots during Tians solos. For this reason, the band decided to take in a rhythmic guitarist. Today, Offensive Ground is consisted by:<\/span><\/h2>\n<h2><span style=\"color: #800000; font-size: large;\">Alvaro Araya Leon singer.<\/span><\/h2>\n<h2><span style=\"color: #800000; font-size: large;\">Tian Mammola, guitar.<\/span><\/h2>\n<h2><span style=\"color: #800000; font-size: large;\">Niklas Storvall, electric bass.<\/span><\/h2>\n<h2><span style=\"color: #800000; font-size: large;\">Christer H\u00f6rnqvist, rhythmic guitar.<\/span><\/h2>\n<h2><span style=\"color: #800000; font-size: large;\">Stanislav Pokhilo, drums and percussion.<\/span><\/h2>\n<h2><span style=\"color: #800000; font-size: large;\">As the band got new members, the sound of the band changed drasticly. From having had a more melodic sound in their songs in the beginning of Offensive Ground, now the sound became more aggressive and the songs started to become more and more technical. After this successful fusion of new blood, the band decides to record what will be the band&#8217;s first album.<\/span><\/h2>\n<h2><span style=\"color: #800000; font-size: large;\">In September 2014, Offensive Ground enters Garage Land studios in Ume\u00e5 under the guidance of producer Ronnie Bj\u00f6rnstr\u00f6m, better known as guitarist for the death metal band AEON. It was be a busy and intense week for the band, resulting in their first album titled REBORN. <\/span><\/h2>\n<h2><span style=\"color: #800000;\"><span style=\"font-size: large;\">After the album was finished, it became quite clear that Offensive Ground had become a new band when it comes to sound, technic and professionalism among the new mix of band members. Together,<\/span> <span style=\"font-size: large;\">all members determine to shut down and remove all the old material they had published before 2014. This for the simple reason that the band, does no longer want to be associated with the old sound.<\/span><\/span><\/h2>\n<h2><span style=\"color: #800000;\"><span style=\"font-size: large;\">Today Offensive Ground has recently released the single &#8220;Mistake&#8221; from the upcoming album &#8220;Reborn&#8221;. The whole album will be released the 15<\/span><sup><span style=\"font-size: large;\">th<\/span><\/sup><span style=\"font-size: large;\"> of January 2015.<\/span><\/span><\/h2>\n<h2><span style=\"color: #800000;\"><a href=\"http:\/\/www.facebook.com\/OffensiveGround\"><span style=\"color: #800000;\">www.facebook.com\/OffensiveGround<\/span><\/a><\/span><\/h2>\n<h2><span style=\"color: #800000;\"><a href=\"http:\/\/www.youtube.com\/offensiveground\"><span style=\"color: #800000;\">www.youtube.com\/offensiveground<\/span><\/a><\/span><\/h2>\n<h2><span style=\"color: #800000;\"><a href=\"http:\/\/www.instagram.com\/OffensiveGround\"><span style=\"color: #800000;\">www.instagram.com\/OffensiveGround<\/span><\/a><\/span><\/h2>\n<h2><span style=\"color: #800000;\"><a href=\"http:\/\/www.twitter.com\/OffensiveGround\"><span style=\"color: #800000;\">www.twitter.com\/OffensiveGround<\/span><\/a><\/span><\/h2>\n<p><span style=\"color: #800000;\">\u00a0<\/span><\/p>\n","protected":false},"excerpt":{"rendered":"<p>Offensive Ground was formed in September 2011. In February 2014 the band hit hard. After nearly three years of playing together, three of the original members decided to leave the band because they felt that their ambition was no longer in line with Alvaro and Tian. It was a hard strike. A few weeks earlier, &hellip; <\/p>\n<p class=\"link-more\"><a href=\"http:\/\/rockunderground.tv\/?page_id=4637\" class=\"more-link\">Continue reading<span class=\"screen-reader-text\"> &#8220;Offensive Ground&#8221;<\/span><\/a><\/p>\n","protected":false},"author":1,"featured_media":0,"parent":2342,"menu_order":0,"comment_status":"closed","ping_status":"closed","template":"full-width-page.php","meta":{"footnotes":""},"class_list":["post-4637","page","type-page","status-publish","hentry"],"_links":{"self":[{"href":"http:\/\/rockunderground.tv\/index.php?rest_route=\/wp\/v2\/pages\/4637","targetHints":{"allow":["GET"]}}],"collection":[{"href":"http:\/\/rockunderground.tv\/index.php?rest_route=\/wp\/v2\/pages"}],"about":[{"href":"http:\/\/rockunderground.tv\/index.php?rest_route=\/wp\/v2\/types\/page"}],"author":[{"embeddable":true,"href":"http:\/\/rockunderground.tv\/index.php?rest_route=\/wp\/v2\/users\/1"}],"replies":[{"embeddable":true,"href":"http:\/\/rockunderground.tv\/index.php?rest_route=%2Fwp%2Fv2%2Fcomments&post=4637"}],"version-history":[{"count":14,"href":"http:\/\/rockunderground.tv\/index.php?rest_route=\/wp\/v2\/pages\/4637\/revisions"}],"predecessor-version":[{"id":5032,"href":"http:\/\/rockunderground.tv\/index.php?rest_route=\/wp\/v2\/pages\/4637\/revisions\/5032"}],"up":[{"embeddable":true,"href":"http:\/\/rockunderground.tv\/index.php?rest_route=\/wp\/v2\/pages\/2342"}],"wp:attachment":[{"href":"http:\/\/rockunderground.tv\/index.php?rest_route=%2Fwp%2Fv2%2Fmedia&parent=4637"}],"curies":[{"name":"wp","href":"https:\/\/api.w.org\/{rel}","templated":true}]}}