{"id":2112,"date":"2013-04-04T18:55:27","date_gmt":"2013-04-04T18:55:27","guid":{"rendered":"http:\/\/rockunderground.tv\/?page_id=2112"},"modified":"2013-04-28T18:02:08","modified_gmt":"2013-04-28T18:02:08","slug":"dardo","status":"publish","type":"page","link":"http:\/\/rockunderground.tv\/?page_id=2112","title":{"rendered":"DARDO"},"content":{"rendered":"<p><code><code><script type=\"text\/javascript\"> jQuery(\"html\").addClass(\"pinwheel_slider_fouc\");\r\n\t\tjQuery(document).ready(function() {\r\n\t\t   jQuery(\".pinwheel_slider_fouc .pinwheel_slider\").css({\"display\" : \"block\"});\r\n\t\t});\r\n\t\tjQuery(document).ready(function() {\r\n\t\t\tjQuery(\"#pinwheel_slider_61\").pinwheel({\r\n\t\t\t\tanimationEasing:\"swing\",\r\n\t\t\t\tcarouselSpeed:1000,\r\n\t\t\t\tautoPlay: 4000,rightButtonTag:   \"#pinwheel_slider_61_next\", leftButtonTag:   \"#pinwheel_slider_61_prev\",trackerIndividual:    false,trackerSummation:    false,\r\n\t            preload: false,\r\n\t\t\t\tlargeFeatureWidth:400,\r\n\t\t\t\tlargeFeatureHeight:300,\r\n\t\t\t\tsmallFeatureWidth:250,\r\n\t\t\t\tsmallFeatureHeight:250,\r\n\t\t\t\tsmallFeatureOffset:50,\r\n\t\t\t\ttopPadding:0,\r\n                sidePadding:0\r\n\t\t\t});\r\n\t\t});\r\n\t<\/script> \r\n\t<noscript><p><strong>This page is having a slideshow that uses Javascript. Your browser either doesn't support Javascript or you have it turned off. To see this page as it is meant to appear please use a Javascript enabled browser.<\/strong><\/p><\/noscript>\r\n<div class=\"pinwheel_slider\" style=\"width:1020px;\">\r\n    <div id=\"pinwheel_slider_61_prev\" class=\"pinwheel_prev\" style=\"top:45%;left:10%;\" ><img loading=\"lazy\" decoding=\"async\" src=\"http:\/\/rockunderground.tv\/wp-content\/plugins\/pinwheel-slider\/css\/skins\/default\/buttons\/default\/prev.png\" width=\"32\" height=\"32\" \/><\/div>\r\n    <div id=\"pinwheel_slider_61_next\" class=\"pinwheel_next\" style=\"top:45%;right:10%;\" ><img loading=\"lazy\" decoding=\"async\" src=\"http:\/\/rockunderground.tv\/wp-content\/plugins\/pinwheel-slider\/css\/skins\/default\/buttons\/default\/next.png\" width=\"32\" height=\"32\" \/><\/div>\r\n\t<div id=\"pinwheel_slider_61\" class=\"pinwheel_slider_handle\" style=\"width:1020px;height:300px;\">\r\n\t\t\t<div class=\"pinwheel_slideri carousel-feature\" style=\"background-color:#eeeced;border:0px solid #cccccc;padding:0px;\">\r\n\t\t\t<!-- pinwheel_slideri --><a href=\"http:\/\/rockunderground.tv\/?page_id=2112\" title=\"DARDO\"><img loading=\"lazy\" decoding=\"async\" src=\"http:\/\/rockunderground.tv\/wp-content\/plugins\/pinwheel-slider\/includes\/timthumb.php?src=http:\/\/rockunderground.tv\/wp-content\/uploads\/2013\/04\/DARDO-4.jpg&amp;h=300&amp;w=400\" alt=\"DARDO\" class=\"slider_thumbnail full pinwheel_slider_thumbnail carousel-image\" width=\"400\" height=\"300\" \/><\/a><div class=\"pinwheel_text carousel-caption\" style=\"background-color:#000000; filter: alpha(opacity=70);opacity:0.7 !important;bottom:0px;right:0px;left:0px;\"><h2 style=\"clear:none;line-height:18px;font-family:Georgia, Arial, Helvetica, sans-serif;font-size:13px;font-weight:normal;font-style:normal;color:#ffffff;margin:0 0 5px 0;\"><a href=\"http:\/\/rockunderground.tv\/?page_id=2112\" style=\"color:#ffffff;\">DARDO <\/a><\/h2>\r\n\t\t\t    \t<!-- \/pinwheel_slideri -->\r\n\t\t\t<\/div><\/div><div class=\"pinwheel_slideri carousel-feature\" style=\"background-color:#eeeced;border:0px solid #cccccc;padding:0px;\">\r\n\t\t\t<!-- pinwheel_slideri --><img loading=\"lazy\" decoding=\"async\" src=\"http:\/\/rockunderground.tv\/wp-content\/plugins\/pinwheel-slider\/includes\/timthumb.php?src=http:\/\/rockunderground.tv\/wp-content\/uploads\/2013\/04\/image-1.jpg&amp;h=300&amp;w=400\" alt=\"DARDO\" class=\"slider_thumbnail full pinwheel_slider_thumbnail carousel-image\" width=\"400\" height=\"300\" \/><div class=\"pinwheel_text carousel-caption\" style=\"background-color:#000000; filter: alpha(opacity=70);opacity:0.7 !important;bottom:0px;right:0px;left:0px;\"><h2 style=\"clear:none;line-height:18px;font-family:Georgia, Arial, Helvetica, sans-serif;font-size:13px;font-weight:normal;font-style:normal;color:#ffffff;margin:0 0 5px 0;\">DARDO<\/h2>\r\n\t\t            \r\n\t\t\t\t<!-- \/pinwheel_slideri -->\r\n\t\t\t<\/div><\/div><div class=\"pinwheel_slideri carousel-feature\" style=\"background-color:#eeeced;border:0px solid #cccccc;padding:0px;\">\r\n\t\t\t<!-- pinwheel_slideri --><img loading=\"lazy\" decoding=\"async\" src=\"http:\/\/rockunderground.tv\/wp-content\/plugins\/pinwheel-slider\/includes\/timthumb.php?src=http:\/\/rockunderground.tv\/wp-content\/uploads\/2013\/04\/DARDO-2.png&amp;h=300&amp;w=400\" alt=\"DARDO\" class=\"slider_thumbnail full pinwheel_slider_thumbnail carousel-image\" width=\"400\" height=\"300\" \/><div class=\"pinwheel_text carousel-caption\" style=\"background-color:#000000; filter: alpha(opacity=70);opacity:0.7 !important;bottom:0px;right:0px;left:0px;\"><h2 style=\"clear:none;line-height:18px;font-family:Georgia, Arial, Helvetica, sans-serif;font-size:13px;font-weight:normal;font-style:normal;color:#ffffff;margin:0 0 5px 0;\">DARDO <\/h2>\r\n\t\t            \r\n\t\t\t\t<!-- \/pinwheel_slideri -->\r\n\t\t\t<\/div><\/div>\r\n\t<\/div>\r\n<\/div><\/code><\/code><\/p>\n<p><code>\n <div id=\"wrapperMI_0\" class=\"wrap-mjp nostop flip dark\" style=\"position:relative; padding:5px 0px 40px 0px; margin:0px auto 0px auto; width:150%;\">\n\t<div style=\"display:none;\" class=\"Eabove-mjp\" id=\"Eabove-mjp_0\"><\/div>\n\t <div class=\"subwrap-MI\">\n\t\t <div class=\"jp-innerwrap\">\n\t\t\t <div class=\"innerx\"><\/div>\n\t\t\t <div class=\"innerleft\"><\/div>\n\t\t\t <div class=\"innerright\"><\/div>\n\t\t\t <div class=\"innertab\"><\/div>\n\t\t\t <div class=\"interface-mjp\" style=\"height:150px;\" id=\"interfaceMI_0\">\n\t\t\t\t <div class=\"MI-image left-mjp\" id=\"MI_image_0\" style=\" width:150px; height:150px; overflow:hidden;\"><\/div>\n\t\t\t\t <div id=\"T_mp3j_0\" class=\"player-track-title right-mjp bold-mjp plain-mjp childNorm-mjp childItalic-mjp\" style=\"left:36px; right:36px;  top:30px;\"><\/div>\n\t\t\t\t <div class=\"bars_holder\">\n\t\t\t\t\t <div class=\"loadMI_mp3j\" id=\"load_mp3j_0\"><\/div>\n\t\t\t\t\t <div class=\"poscolMI_mp3j soften-mjp\" id=\"poscol_mp3j_0\"><\/div>\n\t\t\t\t\t <div class=\"posbarMI_mp3j\" id=\"posbar_mp3j_0\"><\/div>\n\t\t\t\t <\/div>\n\t\t\t\t <div id=\"P-Time-MI_0\" class=\"jp-play-time\"><\/div>\n\t\t\t\t <div id=\"T-Time-MI_0\" class=\"jp-total-time\"><\/div>\n\t\t\t\t <div id=\"statusMI_0\" class=\"statusMI\"><\/div>\n\t\t\t\t <div class=\"transport-MI\"><div class=\"play-mjp\" id=\"playpause_mp3j_0\">Play<\/div><div class=\"stop-mjp\" id=\"stop_mp3j_0\">Stop<\/div><div class=\"next-mjp\" id=\"Next_mp3j_0\">Next&raquo;<\/div><div class=\"prev-mjp\" id=\"Prev_mp3j_0\">&laquo;Prev<\/div><\/div>\n\t\t\t\t <div class=\"buttons-wrap-mjp\" id=\"buttons-wrap-mjp_0\">\n\t\t\t\t\t <div class=\"playlist-toggle-MI\" id=\"playlist-toggle_0\">HIDE PLAYLIST<\/div>\n\t\t\t\t\t <div class=\"mp3j-popout-MI\" id=\"lpp_mp3j_0\" style=\"\"><\/div>\n\t\t\t\t\t \n\t\t\t\t <\/div>\n\t\t\t <\/div>\n\t\t\t <div class=\"mjp-volwrap\">\n\t\t\t\t <div class=\"MIsliderVolume\" id=\"vol_mp3j_0\"><\/div>\n\t\t\t\t <div class=\"innerExt1\" id=\"innerExt1_0\"><\/div>\n\t\t\t\t <div class=\"innerExt2\" id=\"innerExt2_0\"><\/div>\n\t\t\t <\/div>\n\t\t <\/div>\n\t\t <div style=\"display:none;\" class=\"Ebetween-mjp\" id=\"Ebetween-mjp_0\"><\/div>\n\t\t <div class=\"listwrap_mp3j\" id=\"L_mp3j_0\" style=\"overflow:auto; max-height:450px;\"><div class=\"wrapper-mjp\"><div class=\"playlist-colour\"><\/div><div class=\"wrapper-mjp\"><ul class=\"ul-mjp childNorm-mjp childPlain-mjp left-mjp\" id=\"UL_mp3j_0\"><li><\/li><\/ul><\/div><\/div><\/div>\n\t <\/div>\n\t <div id=\"mp3j_finfo_0\" class=\"mp3j-finfo\" style=\"display:none;\"><div class=\"mp3j-finfo-sleeve\"><div id=\"mp3j_finfo_gif_0\" class=\"mp3j-finfo-gif\"><\/div><div id=\"mp3j_finfo_txt_0\" class=\"mp3j-finfo-txt\"><\/div><div class=\"mp3j-finfo-close\" id=\"mp3j_finfo_close_0\">X<\/div><\/div><\/div><div id=\"mp3j_dlf_0\" class=\"mp3j-dlframe\" style=\"display:none;\"><\/div>\n\t <div class=\"mp3j-nosolution\" id=\"mp3j_nosolution_0\" style=\"display:none;\"><\/div>\n\t <div style=\"display:none;\" class=\"Ebelow-mjp\" id=\"Ebelow-mjp_0\"><\/div>\n <\/div> \n<script>\nMP3jPLAYLISTS.MI_0 = [\n\t{ name: \"1. Dardo -  Aixerona\", formats: [\"mp3\"], mp3: \"aHR0cDovL3JvY2t1bmRlcmdyb3VuZC50di93cC1jb250ZW50L3VwbG9hZHMvMjAxMy8wNC9EYXJkby1BaXhlcm9uYS5tcDM=\", counterpart:\"\", artist: \"\", image: \"false\", imgurl: \"\" },\n\t{ name: \"2. Dardo - Combustio\u0301n\", formats: [\"mp3\"], mp3: \"aHR0cDovL3JvY2t1bmRlcmdyb3VuZC50di93cC1jb250ZW50L3VwbG9hZHMvMjAxMy8wNC9EYXJkby1Db21idXN0aW\/MgW4ubXAz\", counterpart:\"\", artist: \"\", image: \"false\", imgurl: \"\" },\n\t{ name: \"3. Dardo - Respira\", formats: [\"mp3\"], mp3: \"aHR0cDovL3JvY2t1bmRlcmdyb3VuZC50di93cC1jb250ZW50L3VwbG9hZHMvMjAxMy8wNC9EYXJkby1SZXNwaXJhLm1wMw==\", counterpart:\"\", artist: \"\", image: \"false\", imgurl: \"\" }\n];\n<\/script>\n\n<script>MP3jPLAYERS[0] = { list:MP3jPLAYLISTS.MI_0, tr:0, type:'MI', lstate:true, loop:true, play_txt:'Play', pause_txt:'Pause', pp_title:'RockUnderground.TV', autoplay:false, download:false, vol:100, height:120, cssclass:'nostop flip dark', popout_css:{ enabled:true, \t\t\tcolours: [\"#fff\", \"rgb(81, 156, 211)\", \"rgb(168, 188, 195)\", \"rgba(38, 160, 182, 0.64)\", \"transparent\", \"#46b323\", \"#2684d7\", \"#ee0a0a\", \"inherit\", \"#a31323\", \"#d71515\", \"\/\", 400, 600 ],\n\t\t\tcssInterface: { \"color\": \"#ee0a0a\" },\n\t\t\tcssTitle: { \"left\": \"36px\", \"right\":\"36px\", \"top\":\"30px\" },\n\t\t\tcssImage: { \"overflow\": \"hidden\", \"width\":\"150px\", \"height\":\"150px\"  },\n\t\t\tcssFontSize: { \"title\": \"22px\", \"caption\": \"15.4px\", \"list\": \"18px\" },\n\t\t\tclasses: { interface:'', title:' right-mjp bold-mjp plain-mjp childNorm-mjp childItalic-mjp', image:' left-mjp', poscol:' soften-mjp', ul:' childNorm-mjp childPlain-mjp left-mjp' }} };<\/script>\n\n<\/code><\/p>\n<h2><a href=\"http:\/\/rockunderground.tv\/wp-content\/uploads\/2013\/04\/DARDO-4.jpg\"><img loading=\"lazy\" decoding=\"async\" class=\"alignleft size-full wp-image-2113\" alt=\"DARDO 4\" src=\"http:\/\/rockunderground.tv\/wp-content\/uploads\/2013\/04\/DARDO-4.jpg\" width=\"508\" height=\"338\" srcset=\"http:\/\/rockunderground.tv\/wp-content\/uploads\/2013\/04\/DARDO-4.jpg 508w, http:\/\/rockunderground.tv\/wp-content\/uploads\/2013\/04\/DARDO-4-300x199.jpg 300w\" sizes=\"auto, (max-width: 508px) 100vw, 508px\" \/><\/a>DARDO \u00a0is \u00a0a Rock band with progressive tendencies. Their influences comes from a variety of sounds such as Perfect Circle, Incubus \u00a0and Tool with contemporary nuances like Porcupine Tree, Kings of Leon and Muse. This is why DARDO started the search for a characteristic and powerfull sound, the outcome of this exhaustive search is their new production release Moebius.<\/h2>\n<h2>DARDO was founded in 2006. After several changes in the alignment, finally their actual members are:OmarAngel (Vocals and Synth), Mauricio Melgarejo (Vocals and Guitar), Antonio de la Torre (Guitar),Daniel Fonseca (Drums and atmospherics) \u00a0and Luis Santana (Bass). At the beginning of 2013 DARDO dicography is:2006 Demo Recording, 1 EP entitled \u201cInstinto\u201d (Instinct) recorded in 2009 and produced by Tonio Ruiz (Production resume, \u00c1gora and Qbo) and the most recent production release Moebius, produced by RogelioG\u00f3mez (production resume, Los Ezquisitos, Riesgo de Contagio, Belinda, among others) providing with his work a fresh sound to the band.<\/h2>\n<h2><\/h2>\n<div>\n<h2>Actually Dardo is stronger than ever and their \u00a0future expectations are higher than ever as well.By the concept of an independent band, DARDO has explored and experimented with their music, achievinga more mature sound in the search of the awakening of specific emotions in the public; without leaving behind the proposal of a serius and mature Rock. Their live presentations are always a reflection of their personality, transmitting passion, stamina and power on stage. On the last production (Moebius) DARDO Shows a new different face, where the travel of sounds takes us into a bipolar plane without warning.<\/h2>\n<h2>Live Presentations:<\/h2>\n<h2>Tianguis Cultural del Chopo, Bull Dog Caf\u00e9, Hard Rock Live, Latitud Rock Fest (Baj\u00edo), ESPN Deportes, WTC Expo Sound Check, Expo Rock, Monumento a la Revoluci\u00f3n, Feria del Libro en el Z\u00f3calo de la Ciudad de M\u00e9xico, Exa Live, Pulque para 2 (Puebla), apertura Foro Indie Rocks! y eventos independientes (foros, bares, tocadas, etc).<\/h2>\n<h2>Activities Resumed<\/h2>\n<h2>2006 Live Presentations and Demo Recording<\/h2>\n<h2>2008 First production \u201cInstinto\u201d EP produced by Tonio Ruiz and liove presentations<\/h2>\n<h2>2009 Release of EP \u201cInstinto\u201d on sale in stores and Itunes, single promotion, live presentations and Shooting of the first video clip \u201cInstinto\u201d. Interview with Miguel Solis and Acoustic set in \u201cInterferencia\u201d 710 AM del IMER.<\/h2>\n<h2>2010 Live Presentations and second material composition.<\/h2>\n<h2>2011 Second material recording LP Moebius by Rogelio G\u00f3mez<\/h2>\n<h2>2012 Release of Moebius LP<\/h2>\n<h2>2013 Reactor Interview150.7 Fm , in hispano parlante with Luis Perez<\/h2>\n<h2>Live \u00b4presentation of oficial video clip in Imperial Club<\/h2>\n<h2>Vive Latino 2013 Festival<\/h2>\n<p><span class=\"youtube\"><iframe loading=\"lazy\" title=\"YouTube video player\" class=\"youtube-player\" type=\"text\/html\" width=\"480\" height=\"385\" src=\"\/\/www.youtube.com\/embed\/40vH9FK2L6Y?wmode=transparent&amp;fs=1&amp;hl=en&amp;modestbranding=1&amp;iv_load_policy=3&amp;showsearch=0&amp;rel=1&amp;theme=dark\" frameborder=\"0\" allowfullscreen><\/iframe><\/span><\/p>\n<p><span class=\"youtube\"><iframe loading=\"lazy\" title=\"YouTube video player\" class=\"youtube-player\" type=\"text\/html\" width=\"480\" height=\"385\" src=\"\/\/www.youtube.com\/embed\/vPd2_19-xLY?wmode=transparent&amp;fs=1&amp;hl=en&amp;modestbranding=1&amp;iv_load_policy=3&amp;showsearch=0&amp;rel=1&amp;theme=dark\" frameborder=\"0\" allowfullscreen><\/iframe><\/span><\/p>\n<p><span class=\"youtube\"><iframe loading=\"lazy\" title=\"YouTube video player\" class=\"youtube-player\" type=\"text\/html\" width=\"480\" height=\"385\" src=\"\/\/www.youtube.com\/embed\/p82Y7MnClgo?wmode=transparent&amp;fs=1&amp;hl=en&amp;modestbranding=1&amp;iv_load_policy=3&amp;showsearch=0&amp;rel=1&amp;theme=dark\" frameborder=\"0\" allowfullscreen><\/iframe><\/span><br \/>\n<a href=\"http:\/\/dardo.bandcamp.com\/\" target=\"_blank\">http:\/\/dardo.bandcamp.com\/<\/a><\/p>\n<p><a href=\"https:\/\/itunes.apple.com\/mx\/album\/moebius\/id600955835\" target=\"_blank\">https:\/\/itunes.apple.com\/mx\/album\/moebius\/id600955835<\/a><\/p>\n<div><\/div>\n<\/div>\n","protected":false},"excerpt":{"rendered":"<p>DARDO \u00a0is \u00a0a Rock band with progressive tendencies. Their influences comes from a variety of sounds such as Perfect Circle, Incubus \u00a0and Tool with contemporary nuances like Porcupine Tree, Kings of Leon and Muse. This is why DARDO started the search for a characteristic and powerfull sound, the outcome of this exhaustive search is their &hellip; <\/p>\n<p class=\"link-more\"><a href=\"http:\/\/rockunderground.tv\/?page_id=2112\" class=\"more-link\">Continue reading<span class=\"screen-reader-text\"> &#8220;DARDO&#8221;<\/span><\/a><\/p>\n","protected":false},"author":1,"featured_media":0,"parent":2321,"menu_order":0,"comment_status":"closed","ping_status":"closed","template":"full-width-page.php","meta":{"footnotes":""},"class_list":["post-2112","page","type-page","status-publish","hentry"],"_links":{"self":[{"href":"http:\/\/rockunderground.tv\/index.php?rest_route=\/wp\/v2\/pages\/2112","targetHints":{"allow":["GET"]}}],"collection":[{"href":"http:\/\/rockunderground.tv\/index.php?rest_route=\/wp\/v2\/pages"}],"about":[{"href":"http:\/\/rockunderground.tv\/index.php?rest_route=\/wp\/v2\/types\/page"}],"author":[{"embeddable":true,"href":"http:\/\/rockunderground.tv\/index.php?rest_route=\/wp\/v2\/users\/1"}],"replies":[{"embeddable":true,"href":"http:\/\/rockunderground.tv\/index.php?rest_route=%2Fwp%2Fv2%2Fcomments&post=2112"}],"version-history":[{"count":12,"href":"http:\/\/rockunderground.tv\/index.php?rest_route=\/wp\/v2\/pages\/2112\/revisions"}],"predecessor-version":[{"id":2115,"href":"http:\/\/rockunderground.tv\/index.php?rest_route=\/wp\/v2\/pages\/2112\/revisions\/2115"}],"up":[{"embeddable":true,"href":"http:\/\/rockunderground.tv\/index.php?rest_route=\/wp\/v2\/pages\/2321"}],"wp:attachment":[{"href":"http:\/\/rockunderground.tv\/index.php?rest_route=%2Fwp%2Fv2%2Fmedia&parent=2112"}],"curies":[{"name":"wp","href":"https:\/\/api.w.org\/{rel}","templated":true}]}}